{"id":4716,"date":"2022-09-27T18:44:07","date_gmt":"2022-09-27T22:44:07","guid":{"rendered":"https:\/\/lakovahome.com\/product\/vvd-ceramica-30x7cm-con-tapa-de-marmol-de-1cm\/"},"modified":"2022-09-27T18:44:07","modified_gmt":"2022-09-27T22:44:07","slug":"vvd-ceramica-30x7cm-con-tapa-de-marmol-de-1cm","status":"publish","type":"product","link":"https:\/\/lakovahome.com\/es\/producto\/vvd-ceramica-30x7cm-con-tapa-de-marmol-de-1cm\/","title":{"rendered":"VVD Cer\u00e1mica &#8211; 30x7cm con tapa de m\u00e1rmol de 1cm"},"content":{"rendered":"","protected":false},"excerpt":{"rendered":"<p style=\"text-align: left;\"><strong>Dise\u00f1o<\/strong>: Vincent van Duysen<\/p>\n<p>Esta colecci\u00f3n de macetas lanzada en 2004 es un ejercicio de tem\u00e1tica sobria y variaci\u00f3n. Aunque cada pieza se puede experimentar de forma aislada, la colecci\u00f3n se concibe como una entidad, las diferencias de escala y color crean poderosos ritmos y modulaciones expresadas en una paleta sutil pero intensa de un cielo del norte de Europa.<\/p>\n<p>Cada pieza se compon\u00eda inicialmente de dos elementos: un recipiente de barro y un plato de madera. Mientras que el \u00e1ngulo de la curva y el perfil suave de cada olla son fijos, el di\u00e1metro y la altura de las vasijas var\u00edan, y estos cambios de escala determinan si el recipiente enmarcado es un cuenco o una fuente. El espesor de la placa de madera, que sirve tanto de tapa como de z\u00f3calo, tambi\u00e9n es variable.<\/p>\n<p>Serenas y sobrias, estas vasijas tienen la cualidad abstracta de lo arquet\u00edpico, pero han sido sacadas de la abstracci\u00f3n hacia el mundo de las formas f\u00edsicas, hacia las cosas que quieres tocar y sostener, una cierta aspereza material es fundamental para su car\u00e1cter. \u2013 las ligeras irregularidades en la superficie de la arcilla y la veta suave y desgastada de la madera.<\/p>\n<p>En los \u00faltimos a\u00f1os la colecci\u00f3n se ha ampliado a nuevos materiales como el cristal transparente y tintado, diferentes tipos de piedras y madera.<\/p>\n<p>En 2017 se ha presentado una colecci\u00f3n de vajilla acorde compuesta por platos, cuencos, vasos, copas, garrafas y bandejas de servir. Tambi\u00e9n se han definido nuevos colores para la cer\u00e1mica.<\/p>\n<p><strong>Nota: Es posible que algunas im\u00e1genes no representen el color, el tama\u00f1o o la combinaci\u00f3n de tapas reales.<\/strong><\/p>\n","protected":false},"featured_media":2156,"comment_status":"open","ping_status":"closed","template":"","meta":[],"product_cat":[54,239],"product_tag":[],"class_list":["post-4716","product","type-product","status-publish","has-post-thumbnail","hentry","product_cat-accesorios","product_cat-ceramica"],"aioseo_notices":[],"_links":{"self":[{"href":"https:\/\/lakovahome.com\/es\/wp-json\/wp\/v2\/product\/4716","targetHints":{"allow":["GET"]}}],"collection":[{"href":"https:\/\/lakovahome.com\/es\/wp-json\/wp\/v2\/product"}],"about":[{"href":"https:\/\/lakovahome.com\/es\/wp-json\/wp\/v2\/types\/product"}],"replies":[{"embeddable":true,"href":"https:\/\/lakovahome.com\/es\/wp-json\/wp\/v2\/comments?post=4716"}],"wp:featuredmedia":[{"embeddable":true,"href":"https:\/\/lakovahome.com\/es\/wp-json\/wp\/v2\/media\/2156"}],"wp:attachment":[{"href":"https:\/\/lakovahome.com\/es\/wp-json\/wp\/v2\/media?parent=4716"}],"wp:term":[{"taxonomy":"product_cat","embeddable":true,"href":"https:\/\/lakovahome.com\/es\/wp-json\/wp\/v2\/product_cat?post=4716"},{"taxonomy":"product_tag","embeddable":true,"href":"https:\/\/lakovahome.com\/es\/wp-json\/wp\/v2\/product_tag?post=4716"}],"curies":[{"name":"wp","href":"https:\/\/api.w.org\/{rel}","templated":true}]}}