{"id":4636,"date":"2022-09-26T19:10:52","date_gmt":"2022-09-26T23:10:52","guid":{"rendered":"https:\/\/lakovahome.com\/product\/john-pawson-tapa-20cm\/"},"modified":"2022-09-26T19:10:52","modified_gmt":"2022-09-26T23:10:52","slug":"john-pawson-tapa-20cm","status":"publish","type":"product","link":"https:\/\/lakovahome.com\/es\/producto\/john-pawson-tapa-20cm\/","title":{"rendered":"John Pawson &#8211; Tapa 20cm"},"content":{"rendered":"","protected":false},"excerpt":{"rendered":"<div class=\"formulario-producto\">\n<div class=\"product-form__description rte\">\n<p><strong>Dise\u00f1o:<\/strong> John Pawson<\/p>\n<p>Si las casas siguen siendo el coraz\u00f3n del trabajo de John Pawson, las cocinas son cada vez m\u00e1s el coraz\u00f3n de las casas. La colaboraci\u00f3n con Demeyere comenz\u00f3 con la idea de dotar a los espacios habitables contempor\u00e1neos de un conjunto de equipamiento b\u00e1sico que combinara la sofisticaci\u00f3n funcional con la sencillez formal.<\/p>\n<p>Los esfuerzos se han centrado en refinar la forma del cuerpo y en el detalle de la uni\u00f3n entre el cuerpo y el mango, para producir una familia de formas discretamente modernas, tanto en casa sobre una llama como sobre una mesa.<\/p>\n<p><strong>M\u00e1s informaci\u00f3n<\/strong>:<\/p>\n<ul>\n<li>Inoxidable 18\/10.<\/li>\n<li>Todos los fondos est\u00e1n hechos en 7 capas, las manijas est\u00e1n hechas en acero inoxidable s\u00f3lido.<\/li>\n<li>Modelos inferiores rectos: inductoseal, 7 capas, interior de cobre macizo de 2 mm.<\/li>\n<li>Adecuado para todos los dispositivos de cocina.<\/li>\n<li>30 a\u00f1os de garant\u00eda (10 a\u00f1os para cocina profesional).<\/li>\n<\/ul>\n<\/div>\n<\/div>\n","protected":false},"featured_media":1895,"comment_status":"open","ping_status":"closed","template":"","meta":[],"product_cat":[51,57],"product_tag":[],"class_list":["post-4636","product","type-product","status-publish","has-post-thumbnail","hentry","product_cat-mesa-es","product_cat-utensilios-de-cocina-es"],"aioseo_notices":[],"_links":{"self":[{"href":"https:\/\/lakovahome.com\/es\/wp-json\/wp\/v2\/product\/4636","targetHints":{"allow":["GET"]}}],"collection":[{"href":"https:\/\/lakovahome.com\/es\/wp-json\/wp\/v2\/product"}],"about":[{"href":"https:\/\/lakovahome.com\/es\/wp-json\/wp\/v2\/types\/product"}],"replies":[{"embeddable":true,"href":"https:\/\/lakovahome.com\/es\/wp-json\/wp\/v2\/comments?post=4636"}],"wp:featuredmedia":[{"embeddable":true,"href":"https:\/\/lakovahome.com\/es\/wp-json\/wp\/v2\/media\/1895"}],"wp:attachment":[{"href":"https:\/\/lakovahome.com\/es\/wp-json\/wp\/v2\/media?parent=4636"}],"wp:term":[{"taxonomy":"product_cat","embeddable":true,"href":"https:\/\/lakovahome.com\/es\/wp-json\/wp\/v2\/product_cat?post=4636"},{"taxonomy":"product_tag","embeddable":true,"href":"https:\/\/lakovahome.com\/es\/wp-json\/wp\/v2\/product_tag?post=4636"}],"curies":[{"name":"wp","href":"https:\/\/api.w.org\/{rel}","templated":true}]}}