{"id":4027,"date":"2022-10-27T19:16:31","date_gmt":"2022-10-27T23:16:31","guid":{"rendered":"https:\/\/lakovahome.com\/product\/clasico-filtro-de-cafe\/"},"modified":"2022-10-27T19:16:31","modified_gmt":"2022-10-27T23:16:31","slug":"filtro-de-cafe-clasico","status":"publish","type":"product","link":"https:\/\/lakovahome.com\/es\/producto\/filtro-de-cafe-clasico\/","title":{"rendered":"Cl\u00e1sico &#8211; Filtro de caf\u00e9"},"content":{"rendered":"","protected":false},"excerpt":{"rendered":"<p>Serie: Cl\u00e1sico<br \/>\nDise\u00f1ador: Dibbern Design Studio<\/p>\n","protected":false},"featured_media":3956,"comment_status":"open","ping_status":"closed","template":"","meta":[],"product_cat":[381,383,382,380,51],"product_tag":[],"class_list":["post-4027","product","type-product","status-publish","has-post-thumbnail","hentry","product_cat-cafeteras-y-teteras","product_cat-clasico","product_cat-porcelana-fina-china","product_cat-vasos","product_cat-mesa-es"],"aioseo_notices":[],"_links":{"self":[{"href":"https:\/\/lakovahome.com\/es\/wp-json\/wp\/v2\/product\/4027","targetHints":{"allow":["GET"]}}],"collection":[{"href":"https:\/\/lakovahome.com\/es\/wp-json\/wp\/v2\/product"}],"about":[{"href":"https:\/\/lakovahome.com\/es\/wp-json\/wp\/v2\/types\/product"}],"replies":[{"embeddable":true,"href":"https:\/\/lakovahome.com\/es\/wp-json\/wp\/v2\/comments?post=4027"}],"wp:featuredmedia":[{"embeddable":true,"href":"https:\/\/lakovahome.com\/es\/wp-json\/wp\/v2\/media\/3956"}],"wp:attachment":[{"href":"https:\/\/lakovahome.com\/es\/wp-json\/wp\/v2\/media?parent=4027"}],"wp:term":[{"taxonomy":"product_cat","embeddable":true,"href":"https:\/\/lakovahome.com\/es\/wp-json\/wp\/v2\/product_cat?post=4027"},{"taxonomy":"product_tag","embeddable":true,"href":"https:\/\/lakovahome.com\/es\/wp-json\/wp\/v2\/product_tag?post=4027"}],"curies":[{"name":"wp","href":"https:\/\/api.w.org\/{rel}","templated":true}]}}